{"id":511,"date":"2023-01-22T23:30:10","date_gmt":"2023-01-22T21:30:10","guid":{"rendered":"https:\/\/www.hinausnissinen.fi\/contact-us\/"},"modified":"2025-07-24T18:48:30","modified_gmt":"2025-07-24T16:48:30","slug":"contact-us","status":"publish","type":"page","link":"https:\/\/www.hameenlinnanhinauspalvelu.fi\/?page_id=511","title":{"rendered":"Yhteystiedot"},"content":{"rendered":"\t\t<div data-elementor-type=\"wp-page\" data-elementor-id=\"511\" class=\"elementor elementor-511\" data-elementor-post-type=\"page\">\n\t\t\t\t<div class=\"elementor-element elementor-element-debdeb4 e-grid e-con-boxed e-con e-parent\" data-id=\"debdeb4\" data-element_type=\"container\">\n\t\t\t\t\t<div class=\"e-con-inner\">\n\t\t\t\t<div class=\"elementor-element elementor-element-a0cda22 elementor-widget elementor-widget-text-editor\" data-id=\"a0cda22\" data-element_type=\"widget\" data-widget_type=\"text-editor.default\">\n\t\t\t\t<div class=\"elementor-widget-container\">\n\t\t\t\t\t\t\t<p><span style=\"font-family: Open Sans, sans-serif;\"><span style=\"caret-color: #a3a3a3;\"><b>\u00a0<\/b><\/span><\/span><\/p>\t\t\t\t\t\t<\/div>\n\t\t\t\t<\/div>\n\t\t\t\t<div class=\"elementor-element elementor-element-4cd72f5 elementor-widget elementor-widget-text-editor\" data-id=\"4cd72f5\" data-element_type=\"widget\" data-widget_type=\"text-editor.default\">\n\t\t\t\t<div class=\"elementor-widget-container\">\n\t\t\t\t\t\t\t<p><span style=\"box-sizing: inherit; outline-color: currentcolor; outline-style: initial; font-weight: bolder; caret-color: #a3a3a3; font-family: 'Open Sans', sans-serif; font-size: 16px;\">Verkkolaskut<\/span><br style=\"box-sizing: inherit; outline-color: currentcolor; outline-style: initial; caret-color: #a3a3a3; font-family: 'Open Sans', sans-serif; font-size: 16px;\" \/><span style=\"caret-color: #a3a3a3; font-family: 'Open Sans', sans-serif; font-size: 16px;\">Verkkolaskuosoite: 003733164247<\/span><br style=\"box-sizing: inherit; outline-color: currentcolor; outline-style: initial; caret-color: #a3a3a3; font-family: 'Open Sans', sans-serif; font-size: 16px;\" \/><span style=\"caret-color: #a3a3a3; font-family: 'Open Sans', sans-serif; font-size: 16px;\">Operaattori: Maventa (003721291126)<\/span><br style=\"box-sizing: inherit; outline-color: currentcolor; outline-style: initial; caret-color: #a3a3a3; font-family: 'Open Sans', sans-serif; font-size: 16px;\" \/><span style=\"caret-color: #a3a3a3; font-family: 'Open Sans', sans-serif; font-size: 16px;\">V\u00e4litt\u00e4j\u00e4tunnus: DABAFIHH<\/span><br style=\"box-sizing: inherit; outline-color: currentcolor; outline-style: initial; caret-color: #a3a3a3; font-family: 'Open Sans', sans-serif; font-size: 16px;\" \/><span style=\"box-sizing: inherit; outline-color: currentcolor; outline-style: initial; font-weight: bolder; caret-color: #a3a3a3; font-family: 'Open Sans', sans-serif; font-size: 16px;\">Lis\u00e4tietoja:<\/span><span style=\"caret-color: #a3a3a3; font-family: 'Open Sans', sans-serif; font-size: 16px;\"> laskutus@hinausnissinen.fi<\/span><\/p>\t\t\t\t\t\t<\/div>\n\t\t\t\t<\/div>\n\t\t\t\t\t<\/div>\n\t\t\t\t<\/div>\n\t\t\t\t<\/div>\n\t\t","protected":false},"excerpt":{"rendered":"<p>\u00a0 VerkkolaskutVerkkolaskuosoite: 003733164247Operaattori: Maventa (003721291126)V\u00e4litt\u00e4j\u00e4tunnus: DABAFIHHLis\u00e4tietoja: laskutus@hinausnissinen.fi<\/p>\n","protected":false},"author":1,"featured_media":0,"parent":0,"menu_order":0,"comment_status":"closed","ping_status":"closed","template":"page-template\/contact.php","meta":{"footnotes":""},"class_list":["post-511","page","type-page","status-publish","hentry"],"yoast_head":"<!-- This site is optimized with the Yoast SEO plugin v23.5 - https:\/\/yoast.com\/wordpress\/plugins\/seo\/ -->\n<title>Yhteystiedot - H&auml;meenlinnan Hinauspalvelu<\/title>\n<meta name=\"robots\" content=\"index, follow, max-snippet:-1, max-image-preview:large, max-video-preview:-1\" \/>\n<link rel=\"canonical\" href=\"https:\/\/www.hameenlinnanhinauspalvelu.fi\/?page_id=511\" \/>\n<meta property=\"og:locale\" content=\"fi_FI\" \/>\n<meta property=\"og:type\" content=\"article\" \/>\n<meta property=\"og:title\" content=\"Yhteystiedot - H&auml;meenlinnan Hinauspalvelu\" \/>\n<meta property=\"og:description\" content=\"\u00a0 VerkkolaskutVerkkolaskuosoite: 003733164247Operaattori: Maventa (003721291126)V\u00e4litt\u00e4j\u00e4tunnus: DABAFIHHLis\u00e4tietoja: laskutus@hinausnissinen.fi\" \/>\n<meta property=\"og:url\" content=\"https:\/\/www.hameenlinnanhinauspalvelu.fi\/?page_id=511\" \/>\n<meta property=\"og:site_name\" content=\"H&auml;meenlinnan Hinauspalvelu\" \/>\n<meta property=\"article:publisher\" content=\"https:\/\/www.facebook.com\/groups\/3711903285703049\" \/>\n<meta property=\"article:modified_time\" content=\"2025-07-24T16:48:30+00:00\" \/>\n<meta property=\"og:image\" content=\"https:\/\/www.hameenlinnanhinauspalvelu.fi\/wp-content\/uploads\/2023\/01\/etuisivu_tausta_1.jpg\" \/>\n\t<meta property=\"og:image:width\" content=\"2048\" \/>\n\t<meta property=\"og:image:height\" content=\"839\" \/>\n\t<meta property=\"og:image:type\" content=\"image\/jpeg\" \/>\n<script type=\"application\/ld+json\" class=\"yoast-schema-graph\">{\"@context\":\"https:\/\/schema.org\",\"@graph\":[{\"@type\":\"WebPage\",\"@id\":\"https:\/\/www.hameenlinnanhinauspalvelu.fi\/?page_id=511\",\"url\":\"https:\/\/www.hameenlinnanhinauspalvelu.fi\/?page_id=511\",\"name\":\"Yhteystiedot - H&auml;meenlinnan Hinauspalvelu\",\"isPartOf\":{\"@id\":\"https:\/\/www.hameenlinnanhinauspalvelu.fi\/#website\"},\"datePublished\":\"2023-01-22T21:30:10+00:00\",\"dateModified\":\"2025-07-24T16:48:30+00:00\",\"breadcrumb\":{\"@id\":\"https:\/\/www.hameenlinnanhinauspalvelu.fi\/?page_id=511#breadcrumb\"},\"inLanguage\":\"fi\",\"potentialAction\":[{\"@type\":\"ReadAction\",\"target\":[\"https:\/\/www.hameenlinnanhinauspalvelu.fi\/?page_id=511\"]}]},{\"@type\":\"BreadcrumbList\",\"@id\":\"https:\/\/www.hameenlinnanhinauspalvelu.fi\/?page_id=511#breadcrumb\",\"itemListElement\":[{\"@type\":\"ListItem\",\"position\":1,\"name\":\"Home\",\"item\":\"https:\/\/www.hameenlinnanhinauspalvelu.fi\/\"},{\"@type\":\"ListItem\",\"position\":2,\"name\":\"Yhteystiedot\"}]},{\"@type\":\"WebSite\",\"@id\":\"https:\/\/www.hameenlinnanhinauspalvelu.fi\/#website\",\"url\":\"https:\/\/www.hameenlinnanhinauspalvelu.fi\/\",\"name\":\"H&auml;meenlinnan Hinauspalvelu\",\"description\":\"H&auml;meenlinnan Hinauspalvelu on luotettava, nopea ja ammattitaitoinen vaihtoehto kaikille niille, jotka tarvitsevat apua ajoneuvonsa kanssa.\",\"publisher\":{\"@id\":\"https:\/\/www.hameenlinnanhinauspalvelu.fi\/#organization\"},\"alternateName\":\"Hinaus Nissinen\",\"potentialAction\":[{\"@type\":\"SearchAction\",\"target\":{\"@type\":\"EntryPoint\",\"urlTemplate\":\"https:\/\/www.hameenlinnanhinauspalvelu.fi\/?s={search_term_string}\"},\"query-input\":{\"@type\":\"PropertyValueSpecification\",\"valueRequired\":true,\"valueName\":\"search_term_string\"}}],\"inLanguage\":\"fi\"},{\"@type\":\"Organization\",\"@id\":\"https:\/\/www.hameenlinnanhinauspalvelu.fi\/#organization\",\"name\":\"H\u00e4meenlinnan Hinauspalvelu\",\"alternateName\":\"Hinaus Nissinen\",\"url\":\"https:\/\/www.hameenlinnanhinauspalvelu.fi\/\",\"logo\":{\"@type\":\"ImageObject\",\"inLanguage\":\"fi\",\"@id\":\"https:\/\/www.hameenlinnanhinauspalvelu.fi\/#\/schema\/logo\/image\/\",\"url\":\"https:\/\/www.hameenlinnanhinauspalvelu.fi\/wp-content\/uploads\/2022\/12\/2022-11-23-at-18.55.29-2.jpeg\",\"contentUrl\":\"https:\/\/www.hameenlinnanhinauspalvelu.fi\/wp-content\/uploads\/2022\/12\/2022-11-23-at-18.55.29-2.jpeg\",\"width\":2048,\"height\":1537,\"caption\":\"H\u00e4meenlinnan Hinauspalvelu\"},\"image\":{\"@id\":\"https:\/\/www.hameenlinnanhinauspalvelu.fi\/#\/schema\/logo\/image\/\"},\"sameAs\":[\"https:\/\/www.facebook.com\/groups\/3711903285703049\"]}]}<\/script>\n<!-- \/ Yoast SEO plugin. -->","yoast_head_json":{"title":"Yhteystiedot - H&auml;meenlinnan Hinauspalvelu","robots":{"index":"index","follow":"follow","max-snippet":"max-snippet:-1","max-image-preview":"max-image-preview:large","max-video-preview":"max-video-preview:-1"},"canonical":"https:\/\/www.hameenlinnanhinauspalvelu.fi\/?page_id=511","og_locale":"fi_FI","og_type":"article","og_title":"Yhteystiedot - H&auml;meenlinnan Hinauspalvelu","og_description":"\u00a0 VerkkolaskutVerkkolaskuosoite: 003733164247Operaattori: Maventa (003721291126)V\u00e4litt\u00e4j\u00e4tunnus: DABAFIHHLis\u00e4tietoja: laskutus@hinausnissinen.fi","og_url":"https:\/\/www.hameenlinnanhinauspalvelu.fi\/?page_id=511","og_site_name":"H&auml;meenlinnan Hinauspalvelu","article_publisher":"https:\/\/www.facebook.com\/groups\/3711903285703049","article_modified_time":"2025-07-24T16:48:30+00:00","og_image":[{"width":2048,"height":839,"url":"https:\/\/www.hameenlinnanhinauspalvelu.fi\/wp-content\/uploads\/2023\/01\/etuisivu_tausta_1.jpg","type":"image\/jpeg"}],"schema":{"@context":"https:\/\/schema.org","@graph":[{"@type":"WebPage","@id":"https:\/\/www.hameenlinnanhinauspalvelu.fi\/?page_id=511","url":"https:\/\/www.hameenlinnanhinauspalvelu.fi\/?page_id=511","name":"Yhteystiedot - H&auml;meenlinnan Hinauspalvelu","isPartOf":{"@id":"https:\/\/www.hameenlinnanhinauspalvelu.fi\/#website"},"datePublished":"2023-01-22T21:30:10+00:00","dateModified":"2025-07-24T16:48:30+00:00","breadcrumb":{"@id":"https:\/\/www.hameenlinnanhinauspalvelu.fi\/?page_id=511#breadcrumb"},"inLanguage":"fi","potentialAction":[{"@type":"ReadAction","target":["https:\/\/www.hameenlinnanhinauspalvelu.fi\/?page_id=511"]}]},{"@type":"BreadcrumbList","@id":"https:\/\/www.hameenlinnanhinauspalvelu.fi\/?page_id=511#breadcrumb","itemListElement":[{"@type":"ListItem","position":1,"name":"Home","item":"https:\/\/www.hameenlinnanhinauspalvelu.fi\/"},{"@type":"ListItem","position":2,"name":"Yhteystiedot"}]},{"@type":"WebSite","@id":"https:\/\/www.hameenlinnanhinauspalvelu.fi\/#website","url":"https:\/\/www.hameenlinnanhinauspalvelu.fi\/","name":"H&auml;meenlinnan Hinauspalvelu","description":"H&auml;meenlinnan Hinauspalvelu on luotettava, nopea ja ammattitaitoinen vaihtoehto kaikille niille, jotka tarvitsevat apua ajoneuvonsa kanssa.","publisher":{"@id":"https:\/\/www.hameenlinnanhinauspalvelu.fi\/#organization"},"alternateName":"Hinaus Nissinen","potentialAction":[{"@type":"SearchAction","target":{"@type":"EntryPoint","urlTemplate":"https:\/\/www.hameenlinnanhinauspalvelu.fi\/?s={search_term_string}"},"query-input":{"@type":"PropertyValueSpecification","valueRequired":true,"valueName":"search_term_string"}}],"inLanguage":"fi"},{"@type":"Organization","@id":"https:\/\/www.hameenlinnanhinauspalvelu.fi\/#organization","name":"H\u00e4meenlinnan Hinauspalvelu","alternateName":"Hinaus Nissinen","url":"https:\/\/www.hameenlinnanhinauspalvelu.fi\/","logo":{"@type":"ImageObject","inLanguage":"fi","@id":"https:\/\/www.hameenlinnanhinauspalvelu.fi\/#\/schema\/logo\/image\/","url":"https:\/\/www.hameenlinnanhinauspalvelu.fi\/wp-content\/uploads\/2022\/12\/2022-11-23-at-18.55.29-2.jpeg","contentUrl":"https:\/\/www.hameenlinnanhinauspalvelu.fi\/wp-content\/uploads\/2022\/12\/2022-11-23-at-18.55.29-2.jpeg","width":2048,"height":1537,"caption":"H\u00e4meenlinnan Hinauspalvelu"},"image":{"@id":"https:\/\/www.hameenlinnanhinauspalvelu.fi\/#\/schema\/logo\/image\/"},"sameAs":["https:\/\/www.facebook.com\/groups\/3711903285703049"]}]}},"_links":{"self":[{"href":"https:\/\/www.hameenlinnanhinauspalvelu.fi\/index.php?rest_route=\/wp\/v2\/pages\/511","targetHints":{"allow":["GET"]}}],"collection":[{"href":"https:\/\/www.hameenlinnanhinauspalvelu.fi\/index.php?rest_route=\/wp\/v2\/pages"}],"about":[{"href":"https:\/\/www.hameenlinnanhinauspalvelu.fi\/index.php?rest_route=\/wp\/v2\/types\/page"}],"author":[{"embeddable":true,"href":"https:\/\/www.hameenlinnanhinauspalvelu.fi\/index.php?rest_route=\/wp\/v2\/users\/1"}],"replies":[{"embeddable":true,"href":"https:\/\/www.hameenlinnanhinauspalvelu.fi\/index.php?rest_route=%2Fwp%2Fv2%2Fcomments&post=511"}],"version-history":[{"count":9,"href":"https:\/\/www.hameenlinnanhinauspalvelu.fi\/index.php?rest_route=\/wp\/v2\/pages\/511\/revisions"}],"predecessor-version":[{"id":1196,"href":"https:\/\/www.hameenlinnanhinauspalvelu.fi\/index.php?rest_route=\/wp\/v2\/pages\/511\/revisions\/1196"}],"wp:attachment":[{"href":"https:\/\/www.hameenlinnanhinauspalvelu.fi\/index.php?rest_route=%2Fwp%2Fv2%2Fmedia&parent=511"}],"curies":[{"name":"wp","href":"https:\/\/api.w.org\/{rel}","templated":true}]}}